{"id":45,"date":"2026-04-26T06:40:34","date_gmt":"2026-04-26T06:40:34","guid":{"rendered":"https:\/\/s5262.hemsida.eu\/AI\/services\/"},"modified":"2026-04-26T11:38:50","modified_gmt":"2026-04-26T11:38:50","slug":"services","status":"publish","type":"page","link":"https:\/\/s5262.hemsida.eu\/AI\/services\/","title":{"rendered":"Tj\u00e4nster"},"content":{"rendered":"\n\n\n\n<h2 style=\"padding: 0px; margin: 0px; overflow-wrap: break-word; font-size: 45px !important; font-style: inherit; font-weight: inherit; text-transform: inherit; line-height: inherit; color: rgb(43, 100, 248); font-family: Poppins !important;\">S\u00e5 funkar det<\/h2>\n\n\n\n<h5 style=\"padding: 0px; margin: 0px; overflow-wrap: break-word; line-height: inherit;\"><span style=\"font-weight: normal;\">Steg 1: M\u00f6te<\/span><\/h5><h5><p pagelayer-id=\"lcc4030\" class=\"p-lcc4030 pagelayer-col pagelayer-col-4\" style=\"width: 378px; color: rgb(255, 255, 255); font-family: Poppins; font-size: 16px; font-weight: 400; text-transform: none;\"><p class=\"pagelayer-col-holder\" style=\"width: 378px;\"><div pagelayer-id=\"op71960\" class=\"p-op71960 pagelayer-heading\" style=\"width: 358px;\"><\/div><div pagelayer-id=\"3cw7375\" class=\"p-3cw7375 pagelayer-heading\" style=\"width: 358px;\"><div class=\"pagelayer-heading-holder\" style=\"color: rgb(255, 255, 255); font-family: Poppins !important;\"><\/div><\/div><\/p><\/p><\/h5>\n<p data-start=\"152\" data-end=\"277\">Vi g\u00e5r igenom ditt f\u00f6retag och vad du vill att din AI ska g\u00f6ra. Du ber\u00e4ttar om dina behov och vi visar hur vi kan hj\u00e4lpa dig.<\/p>\n\n\n\n\n<h5><span style=\"font-weight: normal;\">Steg 2:&nbsp;<span style=\"color: rgb(255, 255, 255); font-family: Poppins;\">Vi bygger din AI<\/span><\/span><\/h5>\n<p data-start=\"320\" data-end=\"397\">Vi skapar en skr\u00e4ddarsydd AI l\u00f6sning som passar ditt f\u00f6retag och dina kunder.<\/p>\n\n\n\n\nSteg 3:&nbsp;<span style=\"color: rgb(255, 255, 255); font-family: Poppins; font-weight: inherit;\">Vi applicerar och f\u00f6rb\u00e4ttrar<\/span>\n<p data-start=\"452\" data-end=\"552\">Vi s\u00e4tter ig\u00e5ng din AI och f\u00f6rb\u00e4ttrar den l\u00f6pande f\u00f6r att du ska f\u00e5 fler kunder och b\u00e4ttre resultat.<\/p>\n\n\n\n\n\n\n\n<h2><span style=\"color: rgb(255, 255, 255); font-family: Poppins; font-size: 22px; text-transform: uppercase;\">Se hur AI kan boka kunder \u00e5t dig<\/span><\/h2>\n<p data-start=\"339\" data-end=\"448\">Vi visar hur en AI kan svara p\u00e5 fr\u00e5gor, boka m\u00f6ten och hj\u00e4lpa ditt f\u00f6retag f\u00e5 fler kunder \u2013 helt automatiskt.<\/p>\n\n\n\n\n\n\n\n\n","protected":false},"excerpt":{"rendered":"","protected":false},"author":1,"featured_media":0,"parent":0,"menu_order":0,"comment_status":"closed","ping_status":"closed","template":"","meta":{"pagelayer_contact_templates":[],"_pagelayer_content":"","footnotes":""},"class_list":["post-45","page","type-page","status-publish","hentry"],"_links":{"self":[{"href":"https:\/\/s5262.hemsida.eu\/AI\/wp-json\/wp\/v2\/pages\/45","targetHints":{"allow":["GET"]}}],"collection":[{"href":"https:\/\/s5262.hemsida.eu\/AI\/wp-json\/wp\/v2\/pages"}],"about":[{"href":"https:\/\/s5262.hemsida.eu\/AI\/wp-json\/wp\/v2\/types\/page"}],"author":[{"embeddable":true,"href":"https:\/\/s5262.hemsida.eu\/AI\/wp-json\/wp\/v2\/users\/1"}],"replies":[{"embeddable":true,"href":"https:\/\/s5262.hemsida.eu\/AI\/wp-json\/wp\/v2\/comments?post=45"}],"version-history":[{"count":2,"href":"https:\/\/s5262.hemsida.eu\/AI\/wp-json\/wp\/v2\/pages\/45\/revisions"}],"predecessor-version":[{"id":74,"href":"https:\/\/s5262.hemsida.eu\/AI\/wp-json\/wp\/v2\/pages\/45\/revisions\/74"}],"wp:attachment":[{"href":"https:\/\/s5262.hemsida.eu\/AI\/wp-json\/wp\/v2\/media?parent=45"}],"curies":[{"name":"wp","href":"https:\/\/api.w.org\/{rel}","templated":true}]}}