{"id":43,"date":"2026-04-26T06:40:33","date_gmt":"2026-04-26T06:40:33","guid":{"rendered":"https:\/\/s5262.hemsida.eu\/AI\/home\/"},"modified":"2026-04-26T11:23:41","modified_gmt":"2026-04-26T11:23:41","slug":"home","status":"publish","type":"page","link":"https:\/\/s5262.hemsida.eu\/AI\/","title":{"rendered":"Start"},"content":{"rendered":"\n\n\n\n\n\n\n<h2>S\u00e5 hj\u00e4lper vi ditt f\u00f6retag<\/h2>\n<p data-start=\"247\" data-end=\"303\">Vi g\u00f6r det enkelt att ta hand om kunder med hj\u00e4lp av AI.<\/p>\n\nSvarar p\u00e5 kunders fr\u00e5gor direkt\nBokar m\u00f6ten \u00e5t dig automatiskt\nGer prisinformation och support\nFungerar dygnet runt\n\n\n\n\n\n\n\n<h2>V\u00e5ra tj\u00e4nster<\/h2>\n\n\n<p data-start=\"525\" data-end=\"622\">Svarar p\u00e5 kunders fr\u00e5gor direkt, ger information och hj\u00e4lper bes\u00f6kare p\u00e5 din hemsida dygnet runt.<\/p>\n\n\n<p data-start=\"232\" data-end=\"358\">Vi m\u00e4ter hur din AI presterar, justerar den och f\u00f6rb\u00e4ttrar den l\u00f6pande s\u00e5 att du f\u00e5r fler kunder och b\u00e4ttre resultat \u00f6ver tid.<\/p>\n\n\n<p data-start=\"766\" data-end=\"861\">L\u00e5ter som riktiga m\u00e4nniskor. Kunder kan ringa, st\u00e4lla fr\u00e5gor och boka m\u00f6ten direkt via telefon.<\/p>\n\n\n\n\n\n\n\n<h2>S\u00e5 funkar det<\/h2>\n\n\n<h5><span style=\"font-weight: normal;\">Steg 1: M\u00f6te<\/span><\/h5>\n\n\n\n\n<h5><span style=\"font-weight: normal;\">Steg 2:&nbsp;<span style=\"color: rgb(255, 255, 255); font-family: Poppins;\">Vi bygger din AI<\/span><\/span><\/h5>\n\n\n\n<h5><span style=\"font-weight: normal;\">Steg 3:&nbsp;<span style=\"color: rgb(255, 255, 255); font-family: Poppins;\">Vi applicerar och f\u00f6rb\u00e4ttrar<\/span><\/span><\/h5>\n<P>We integrate our AI systems into your existing infrastructure seamlessly.<\/P>\n\n\n\n\n\n\n\n<h2><p data-start=\"260\" data-end=\"283\"><strong data-start=\"1173\" data-end=\"1209\" style=\"color: rgb(255, 255, 255); font-family: Poppins; font-size: 45px;\">Se hur AI kan boka kunder \u00e5t dig<\/strong><\/p>\n<p data-start=\"1211\" data-end=\"1247\"><\/p>\n<p data-start=\"285\" data-end=\"353\"><\/p><\/h2>\n<p style=\"text-align: center;\">Tar bara 15 minuter &#8211; ingen bindning<\/p>\n\n\n\n\n\n\n\n","protected":false},"excerpt":{"rendered":"","protected":false},"author":1,"featured_media":0,"parent":0,"menu_order":0,"comment_status":"closed","ping_status":"closed","template":"","meta":{"pagelayer_contact_templates":[],"_pagelayer_content":"","footnotes":""},"class_list":["post-43","page","type-page","status-publish","hentry"],"_links":{"self":[{"href":"https:\/\/s5262.hemsida.eu\/AI\/wp-json\/wp\/v2\/pages\/43","targetHints":{"allow":["GET"]}}],"collection":[{"href":"https:\/\/s5262.hemsida.eu\/AI\/wp-json\/wp\/v2\/pages"}],"about":[{"href":"https:\/\/s5262.hemsida.eu\/AI\/wp-json\/wp\/v2\/types\/page"}],"author":[{"embeddable":true,"href":"https:\/\/s5262.hemsida.eu\/AI\/wp-json\/wp\/v2\/users\/1"}],"replies":[{"embeddable":true,"href":"https:\/\/s5262.hemsida.eu\/AI\/wp-json\/wp\/v2\/comments?post=43"}],"version-history":[{"count":8,"href":"https:\/\/s5262.hemsida.eu\/AI\/wp-json\/wp\/v2\/pages\/43\/revisions"}],"predecessor-version":[{"id":73,"href":"https:\/\/s5262.hemsida.eu\/AI\/wp-json\/wp\/v2\/pages\/43\/revisions\/73"}],"wp:attachment":[{"href":"https:\/\/s5262.hemsida.eu\/AI\/wp-json\/wp\/v2\/media?parent=43"}],"curies":[{"name":"wp","href":"https:\/\/api.w.org\/{rel}","templated":true}]}}