{"id":41,"date":"2026-04-26T06:40:33","date_gmt":"2026-04-26T06:40:33","guid":{"rendered":"https:\/\/s5262.hemsida.eu\/AI\/about\/"},"modified":"2026-04-26T11:18:38","modified_gmt":"2026-04-26T11:18:38","slug":"about","status":"publish","type":"page","link":"https:\/\/s5262.hemsida.eu\/AI\/about\/","title":{"rendered":"Om oss"},"content":{"rendered":"\n\n\n<h6>Kundrecensioner<\/h6>\n<h2>Vad kunderna s\u00e4ger<\/h2>\n\n\n\nWiliusAI hj\u00e4lpte oss f\u00e5 fler kundf\u00f6rfr\u00e5gningar automatiskt. Sparar oss massor av tid.\n\n\n\n\n\n","protected":false},"excerpt":{"rendered":"","protected":false},"author":1,"featured_media":0,"parent":0,"menu_order":0,"comment_status":"closed","ping_status":"closed","template":"","meta":{"pagelayer_contact_templates":[],"_pagelayer_content":"","footnotes":""},"class_list":["post-41","page","type-page","status-publish","hentry"],"_links":{"self":[{"href":"https:\/\/s5262.hemsida.eu\/AI\/wp-json\/wp\/v2\/pages\/41","targetHints":{"allow":["GET"]}}],"collection":[{"href":"https:\/\/s5262.hemsida.eu\/AI\/wp-json\/wp\/v2\/pages"}],"about":[{"href":"https:\/\/s5262.hemsida.eu\/AI\/wp-json\/wp\/v2\/types\/page"}],"author":[{"embeddable":true,"href":"https:\/\/s5262.hemsida.eu\/AI\/wp-json\/wp\/v2\/users\/1"}],"replies":[{"embeddable":true,"href":"https:\/\/s5262.hemsida.eu\/AI\/wp-json\/wp\/v2\/comments?post=41"}],"version-history":[{"count":2,"href":"https:\/\/s5262.hemsida.eu\/AI\/wp-json\/wp\/v2\/pages\/41\/revisions"}],"predecessor-version":[{"id":72,"href":"https:\/\/s5262.hemsida.eu\/AI\/wp-json\/wp\/v2\/pages\/41\/revisions\/72"}],"wp:attachment":[{"href":"https:\/\/s5262.hemsida.eu\/AI\/wp-json\/wp\/v2\/media?parent=41"}],"curies":[{"name":"wp","href":"https:\/\/api.w.org\/{rel}","templated":true}]}}